{"id":122,"date":"2023-08-04T13:43:37","date_gmt":"2023-08-04T13:43:37","guid":{"rendered":"https:\/\/projetoreviver.pt\/?page_id=122"},"modified":"2024-01-04T11:24:22","modified_gmt":"2024-01-04T11:24:22","slug":"resultados","status":"publish","type":"page","link":"https:\/\/projetoreviver.pt\/?page_id=122","title":{"rendered":"Resultados"},"content":{"rendered":"\t\t<div data-elementor-type=\"wp-page\" data-elementor-id=\"122\" class=\"elementor elementor-122\">\n\t\t\t\t\t\t<section class=\"elementor-section elementor-top-section elementor-element elementor-element-0e353b2 elementor-section-boxed elementor-section-height-default elementor-section-height-default\" data-id=\"0e353b2\" data-element_type=\"section\">\n\t\t\t\t\t\t<div class=\"elementor-container elementor-column-gap-default\">\n\t\t\t\t\t<div class=\"elementor-column elementor-col-33 elementor-top-column elementor-element elementor-element-33f6159\" data-id=\"33f6159\" data-element_type=\"column\">\n\t\t\t<div class=\"elementor-widget-wrap\">\n\t\t\t\t\t\t\t<\/div>\n\t\t<\/div>\n\t\t\t\t<div class=\"elementor-column elementor-col-33 elementor-top-column elementor-element elementor-element-84077bd\" data-id=\"84077bd\" data-element_type=\"column\">\n\t\t\t<div class=\"elementor-widget-wrap elementor-element-populated\">\n\t\t\t\t\t\t<div class=\"elementor-element elementor-element-dc34d3f elementor-widget__width-initial elementor-widget elementor-widget-image\" data-id=\"dc34d3f\" data-element_type=\"widget\" data-widget_type=\"image.default\">\n\t\t\t\t<div class=\"elementor-widget-container\">\n\t\t\t\t\t\t\t\t\t\t\t\t\t\t\t\t<a href=\"https:\/\/projetoreviver.pt\/?page_id=16\">\n\t\t\t\t\t\t\t<img decoding=\"async\" src=\"https:\/\/projetoreviver.pt\/wp-content\/uploads\/elementor\/thumbs\/cropped-logo-Reviver-qaewb83aglhbzkq4qacvzjbywkdcoptvfsyowrpscw.png\" title=\"cropped-logo-Reviver.png\" alt=\"cropped-logo-Reviver.png\" loading=\"lazy\" \/>\t\t\t\t\t\t\t\t<\/a>\n\t\t\t\t\t\t\t\t\t\t\t\t\t\t\t<\/div>\n\t\t\t\t<\/div>\n\t\t\t\t\t<\/div>\n\t\t<\/div>\n\t\t\t\t<div class=\"elementor-column elementor-col-33 elementor-top-column elementor-element elementor-element-d10ff9b\" data-id=\"d10ff9b\" data-element_type=\"column\">\n\t\t\t<div class=\"elementor-widget-wrap\">\n\t\t\t\t\t\t\t<\/div>\n\t\t<\/div>\n\t\t\t\t\t<\/div>\n\t\t<\/section>\n\t\t\t\t<section class=\"elementor-section elementor-top-section elementor-element elementor-element-05af72f elementor-section-boxed elementor-section-height-default elementor-section-height-default\" data-id=\"05af72f\" data-element_type=\"section\" data-settings=\"{&quot;background_background&quot;:&quot;classic&quot;}\">\n\t\t\t\t\t\t<div class=\"elementor-container elementor-column-gap-default\">\n\t\t\t\t\t<div class=\"elementor-column elementor-col-100 elementor-top-column elementor-element elementor-element-8a591a5\" data-id=\"8a591a5\" data-element_type=\"column\">\n\t\t\t<div class=\"elementor-widget-wrap elementor-element-populated\">\n\t\t\t\t\t\t<div class=\"elementor-element elementor-element-8130141 elementor-widget elementor-widget-text-editor\" data-id=\"8130141\" data-element_type=\"widget\" data-widget_type=\"text-editor.default\">\n\t\t\t\t<div class=\"elementor-widget-container\">\n\t\t\t\t\t\t\t\t\t<p><a href=\"https:\/\/projetoreviver.pt\/?page_id=79\">QUEM SOMOS<\/a>\u00a0 |\u00a0 <a href=\"https:\/\/projetoreviver.pt\/?page_id=122\">RESULTADOS<\/a>\u00a0 |\u00a0 <a href=\"https:\/\/projetoreviver.pt\/?page_id=148\">ATIVIDADES<\/a>\u00a0 |\u00a0 <a href=\"https:\/\/projetoreviver.pt\/?page_id=192\">CONTATOS<\/a><\/p>\t\t\t\t\t\t\t\t<\/div>\n\t\t\t\t<\/div>\n\t\t\t\t\t<\/div>\n\t\t<\/div>\n\t\t\t\t\t<\/div>\n\t\t<\/section>\n\t\t\t\t<section class=\"elementor-section elementor-top-section elementor-element elementor-element-2103e4b elementor-section-boxed elementor-section-height-default elementor-section-height-default elementor-invisible\" data-id=\"2103e4b\" data-element_type=\"section\" data-settings=\"{&quot;animation&quot;:&quot;fadeIn&quot;}\">\n\t\t\t\t\t\t<div class=\"elementor-container elementor-column-gap-default\">\n\t\t\t\t\t<div class=\"elementor-column elementor-col-33 elementor-top-column elementor-element elementor-element-771f5d7\" data-id=\"771f5d7\" data-element_type=\"column\">\n\t\t\t<div class=\"elementor-widget-wrap\">\n\t\t\t\t\t\t\t<\/div>\n\t\t<\/div>\n\t\t\t\t<div class=\"elementor-column elementor-col-33 elementor-top-column elementor-element elementor-element-132ccee\" data-id=\"132ccee\" data-element_type=\"column\">\n\t\t\t<div class=\"elementor-widget-wrap elementor-element-populated\">\n\t\t\t\t\t\t<div class=\"elementor-element elementor-element-08a3e82 elementor-widget elementor-widget-text-editor\" data-id=\"08a3e82\" data-element_type=\"widget\" data-widget_type=\"text-editor.default\">\n\t\t\t\t<div class=\"elementor-widget-container\">\n\t\t\t\t\t\t\t\t\t<p>Descri\u00e7\u00e3o Geral dos Resultados<\/p>\t\t\t\t\t\t\t\t<\/div>\n\t\t\t\t<\/div>\n\t\t\t\t<div class=\"elementor-element elementor-element-5793a0c elementor-widget elementor-widget-text-editor\" data-id=\"5793a0c\" data-element_type=\"widget\" data-widget_type=\"text-editor.default\">\n\t\t\t\t<div class=\"elementor-widget-container\">\n\t\t\t\t\t\t\t\t\t<p>Os cuidados prim\u00e1rios passaram a ser considerados estrat\u00e9gia fundamental para a promo\u00e7\u00e3o das Reformas Sanit\u00e1rias em v\u00e1rios pa\u00edses, entre os quais Portugal.<span style=\"color: var( --e-global-color-text ); font-family: var( --e-global-typography-text-font-family ), Sans-serif; font-weight: var( --e-global-typography-text-font-weight );\">\u00a0<\/span><\/p><p>O projeto Reviver: Sa\u00fade e Cidadania trata-se de uma estudo explorat\u00f3rio-descritivo, com abordagem qualitativa, que objetiva identificar e classificar as necessidades de educa\u00e7\u00e3o em sa\u00fade apresentadas pelas mulheres imigrantes provenientes dos pa\u00edses pertencentes \u00e0 CPLP (Comunidade dos Pa\u00edses de L\u00edngua Portuguesa): Angola, Brasil, Cabo Verde, Guin\u00e9-Bissau, Guin\u00e9 Equatorial, Portugal, Mo\u00e7ambique, S\u00e3o Tom\u00e9 e Pr\u00edncipe e Timor-Leste.<\/p><p>As informa\u00e7\u00f5es encontradas nesta experi\u00eancia constru\u00edda especificamente para as mulheres imigrantes pode constituir um importante recurso a ser usado no futuro em v\u00e1rias localidades do Pa\u00eds.<\/p>\t\t\t\t\t\t\t\t<\/div>\n\t\t\t\t<\/div>\n\t\t\t\t\t<\/div>\n\t\t<\/div>\n\t\t\t\t<div class=\"elementor-column elementor-col-33 elementor-top-column elementor-element elementor-element-38c3190\" data-id=\"38c3190\" data-element_type=\"column\">\n\t\t\t<div class=\"elementor-widget-wrap\">\n\t\t\t\t\t\t\t<\/div>\n\t\t<\/div>\n\t\t\t\t\t<\/div>\n\t\t<\/section>\n\t\t\t\t<section class=\"elementor-section elementor-top-section elementor-element elementor-element-f7d9b4e elementor-section-boxed elementor-section-height-default elementor-section-height-default elementor-invisible\" data-id=\"f7d9b4e\" data-element_type=\"section\" data-settings=\"{&quot;animation&quot;:&quot;fadeIn&quot;}\">\n\t\t\t\t\t\t<div class=\"elementor-container elementor-column-gap-default\">\n\t\t\t\t\t<div class=\"elementor-column elementor-col-33 elementor-top-column elementor-element elementor-element-d017989\" data-id=\"d017989\" data-element_type=\"column\">\n\t\t\t<div class=\"elementor-widget-wrap\">\n\t\t\t\t\t\t\t<\/div>\n\t\t<\/div>\n\t\t\t\t<div class=\"elementor-column elementor-col-33 elementor-top-column elementor-element elementor-element-0eab3c5\" data-id=\"0eab3c5\" data-element_type=\"column\">\n\t\t\t<div class=\"elementor-widget-wrap elementor-element-populated\">\n\t\t\t\t\t\t<div class=\"elementor-element elementor-element-77c0c15 elementor-widget elementor-widget-text-editor\" data-id=\"77c0c15\" data-element_type=\"widget\" data-widget_type=\"text-editor.default\">\n\t\t\t\t<div class=\"elementor-widget-container\">\n\t\t\t\t\t\t\t\t\t<p>Relat\u00f3rio sobre Sa\u00fade das Mulheres Migrantes da CPLP<\/p>\t\t\t\t\t\t\t\t<\/div>\n\t\t\t\t<\/div>\n\t\t\t\t<div class=\"elementor-element elementor-element-2140bab elementor-widget elementor-widget-text-editor\" data-id=\"2140bab\" data-element_type=\"widget\" data-widget_type=\"text-editor.default\">\n\t\t\t\t<div class=\"elementor-widget-container\">\n\t\t\t\t\t\t\t\t\t<p>Na perspetiva da incorpora\u00e7\u00e3o de informa\u00e7\u00f5es sanit\u00e1rias nos projetos pedag\u00f3gicos para a educa\u00e7\u00e3o em sa\u00fade e a import\u00e2ncia da aproxima\u00e7\u00e3o das pr\u00e1ticas desses cuidados, o Relat\u00f3rio sobre Sa\u00fade das Mulheres Migrantes da CPLP cont\u00e9m conhecimento ancorado em resultados de pesquisa qualitativa, com coleta de dados atrav\u00e9s de observa\u00e7\u00e3o participante, entrevista e an\u00e1lise documental, sendo os mesmos analisados no seu conte\u00fado.<\/p><p>Estes dados s\u00e3o importantes para a redu\u00e7\u00e3o da vulnerabilidade na Sa\u00fade P\u00fablica, para a defesa de uma vida mais saud\u00e1vel, e para a promo\u00e7\u00e3o do cuidado integral na sa\u00fade familiar. A partir da produ\u00e7\u00e3o de conhecimento acumulado e compartilhado, que ir\u00e1 auxiliar a promo\u00e7\u00e3o de condi\u00e7\u00f5es necess\u00e1rias \u00e0 institucionaliza\u00e7\u00e3o da promo\u00e7\u00e3o da sa\u00fade.<\/p>\t\t\t\t\t\t\t\t<\/div>\n\t\t\t\t<\/div>\n\t\t\t\t<div class=\"elementor-element elementor-element-d02cfd2 elementor-align-center elementor-widget elementor-widget-button\" data-id=\"d02cfd2\" data-element_type=\"widget\" data-widget_type=\"button.default\">\n\t\t\t\t<div class=\"elementor-widget-container\">\n\t\t\t\t\t\t\t\t\t<div class=\"elementor-button-wrapper\">\n\t\t\t\t\t<a class=\"elementor-button elementor-button-link elementor-size-sm\" href=\"https:\/\/projetoreviver.pt\/wp-content\/uploads\/2024\/01\/RELATORIO-FINAL_PROJETO-REVIVER.pdf\" target=\"_blank\">\n\t\t\t\t\t\t<span class=\"elementor-button-content-wrapper\">\n\t\t\t\t\t\t\t\t\t<span class=\"elementor-button-text\">Aceder aqui<\/span>\n\t\t\t\t\t<\/span>\n\t\t\t\t\t<\/a>\n\t\t\t\t<\/div>\n\t\t\t\t\t\t\t\t<\/div>\n\t\t\t\t<\/div>\n\t\t\t\t\t<\/div>\n\t\t<\/div>\n\t\t\t\t<div class=\"elementor-column elementor-col-33 elementor-top-column elementor-element elementor-element-190c5c9\" data-id=\"190c5c9\" data-element_type=\"column\">\n\t\t\t<div class=\"elementor-widget-wrap\">\n\t\t\t\t\t\t\t<\/div>\n\t\t<\/div>\n\t\t\t\t\t<\/div>\n\t\t<\/section>\n\t\t\t\t<section class=\"elementor-section elementor-top-section elementor-element elementor-element-0678496 elementor-section-boxed elementor-section-height-default elementor-section-height-default elementor-invisible\" data-id=\"0678496\" data-element_type=\"section\" data-settings=\"{&quot;animation&quot;:&quot;fadeIn&quot;}\">\n\t\t\t\t\t\t<div class=\"elementor-container elementor-column-gap-default\">\n\t\t\t\t\t<div class=\"elementor-column elementor-col-33 elementor-top-column elementor-element elementor-element-2bfa8e7\" data-id=\"2bfa8e7\" data-element_type=\"column\">\n\t\t\t<div class=\"elementor-widget-wrap\">\n\t\t\t\t\t\t\t<\/div>\n\t\t<\/div>\n\t\t\t\t<div class=\"elementor-column elementor-col-33 elementor-top-column elementor-element elementor-element-72e0a8b\" data-id=\"72e0a8b\" data-element_type=\"column\">\n\t\t\t<div class=\"elementor-widget-wrap elementor-element-populated\">\n\t\t\t\t\t\t<div class=\"elementor-element elementor-element-8d4ab1a elementor-widget elementor-widget-text-editor\" data-id=\"8d4ab1a\" data-element_type=\"widget\" data-widget_type=\"text-editor.default\">\n\t\t\t\t<div class=\"elementor-widget-container\">\n\t\t\t\t\t\t\t\t\t<p>Brochura<\/p>\t\t\t\t\t\t\t\t<\/div>\n\t\t\t\t<\/div>\n\t\t\t\t<div class=\"elementor-element elementor-element-db254a4 elementor-widget elementor-widget-text-editor\" data-id=\"db254a4\" data-element_type=\"widget\" data-widget_type=\"text-editor.default\">\n\t\t\t\t<div class=\"elementor-widget-container\">\n\t\t\t\t\t\t\t\t\t<p>Este projeto apresenta uma abordagem integral de atua\u00e7\u00e3o comunit\u00e1ria, por envolver a necessidade de conjugar interven\u00e7\u00f5es com abordagens sociais. Explora as contribui\u00e7\u00f5es adquiridas para apontar a necessidade do di\u00e1logo na implementa\u00e7\u00e3o de a\u00e7\u00f5es de cuidados com a sa\u00fade, em Comunidades Imigrantes da CPLP, envolvendo o indiv\u00edduo, os grupos atendidos, a sua cultura territorial e a cultura do pa\u00eds de acolhimento.<span style=\"color: var( --e-global-color-text ); font-family: var( --e-global-typography-text-font-family ), Sans-serif; font-weight: var( --e-global-typography-text-font-weight );\">\u00a0<\/span><\/p>\t\t\t\t\t\t\t\t<\/div>\n\t\t\t\t<\/div>\n\t\t\t\t<div class=\"elementor-element elementor-element-3e0396d elementor-align-center elementor-widget elementor-widget-button\" data-id=\"3e0396d\" data-element_type=\"widget\" data-widget_type=\"button.default\">\n\t\t\t\t<div class=\"elementor-widget-container\">\n\t\t\t\t\t\t\t\t\t<div class=\"elementor-button-wrapper\">\n\t\t\t\t\t<a class=\"elementor-button elementor-button-link elementor-size-sm\" href=\"https:\/\/projetoreviver.pt\/wp-content\/uploads\/2024\/01\/BROCHURA-PROJETO-REVIVER-DIGITAL.pdf\" target=\"_blank\">\n\t\t\t\t\t\t<span class=\"elementor-button-content-wrapper\">\n\t\t\t\t\t\t\t\t\t<span class=\"elementor-button-text\">Aceder aqui<\/span>\n\t\t\t\t\t<\/span>\n\t\t\t\t\t<\/a>\n\t\t\t\t<\/div>\n\t\t\t\t\t\t\t\t<\/div>\n\t\t\t\t<\/div>\n\t\t\t\t\t<\/div>\n\t\t<\/div>\n\t\t\t\t<div class=\"elementor-column elementor-col-33 elementor-top-column elementor-element elementor-element-642bb70\" data-id=\"642bb70\" data-element_type=\"column\">\n\t\t\t<div class=\"elementor-widget-wrap\">\n\t\t\t\t\t\t\t<\/div>\n\t\t<\/div>\n\t\t\t\t\t<\/div>\n\t\t<\/section>\n\t\t\t\t<section class=\"elementor-section elementor-top-section elementor-element elementor-element-6961dd8 elementor-section-boxed elementor-section-height-default elementor-section-height-default elementor-invisible\" data-id=\"6961dd8\" data-element_type=\"section\" data-settings=\"{&quot;animation&quot;:&quot;fadeIn&quot;}\">\n\t\t\t\t\t\t<div class=\"elementor-container elementor-column-gap-default\">\n\t\t\t\t\t<div class=\"elementor-column elementor-col-33 elementor-top-column elementor-element elementor-element-7881e15\" data-id=\"7881e15\" data-element_type=\"column\">\n\t\t\t<div class=\"elementor-widget-wrap\">\n\t\t\t\t\t\t\t<\/div>\n\t\t<\/div>\n\t\t\t\t<div class=\"elementor-column elementor-col-33 elementor-top-column elementor-element elementor-element-cccb3b9\" data-id=\"cccb3b9\" data-element_type=\"column\">\n\t\t\t<div class=\"elementor-widget-wrap elementor-element-populated\">\n\t\t\t\t\t\t<div class=\"elementor-element elementor-element-eb4e926 elementor-widget elementor-widget-text-editor\" data-id=\"eb4e926\" data-element_type=\"widget\" data-widget_type=\"text-editor.default\">\n\t\t\t\t<div class=\"elementor-widget-container\">\n\t\t\t\t\t\t\t\t\t<p>Acompanha as nossas novidades<\/p>\t\t\t\t\t\t\t\t<\/div>\n\t\t\t\t<\/div>\n\t\t\t\t<div class=\"elementor-element elementor-element-f7fbdeb elementor-shape-circle elementor-grid-0 e-grid-align-center elementor-widget elementor-widget-social-icons\" data-id=\"f7fbdeb\" data-element_type=\"widget\" data-widget_type=\"social-icons.default\">\n\t\t\t\t<div class=\"elementor-widget-container\">\n\t\t\t\t\t\t\t<div class=\"elementor-social-icons-wrapper elementor-grid\">\n\t\t\t\t\t\t\t<span class=\"elementor-grid-item\">\n\t\t\t\t\t<a class=\"elementor-icon elementor-social-icon elementor-social-icon-facebook-f elementor-repeater-item-640b508\" href=\"https:\/\/www.facebook.com\/ProjetoreviverPT\/?show_switched_toast=0&#038;show_invite_to_follow=0&#038;show_switched_tooltip=0&#038;show_podcast_settings=0&#038;show_community_review_changes=0&#038;show_community_rollback=0&#038;show_follower_visibility_disclosure=0\" target=\"_blank\">\n\t\t\t\t\t\t<span class=\"elementor-screen-only\">Facebook-f<\/span>\n\t\t\t\t\t\t<i class=\"fab fa-facebook-f\"><\/i>\t\t\t\t\t<\/a>\n\t\t\t\t<\/span>\n\t\t\t\t\t\t\t<span class=\"elementor-grid-item\">\n\t\t\t\t\t<a class=\"elementor-icon elementor-social-icon elementor-social-icon-instagram elementor-repeater-item-a0c533c\" href=\"https:\/\/www.instagram.com\/projetoreviver.pt\/\" target=\"_blank\">\n\t\t\t\t\t\t<span class=\"elementor-screen-only\">Instagram<\/span>\n\t\t\t\t\t\t<i class=\"fab fa-instagram\"><\/i>\t\t\t\t\t<\/a>\n\t\t\t\t<\/span>\n\t\t\t\t\t<\/div>\n\t\t\t\t\t\t<\/div>\n\t\t\t\t<\/div>\n\t\t\t\t<div class=\"elementor-element elementor-element-0cf4877 elementor-widget elementor-widget-spacer\" data-id=\"0cf4877\" data-element_type=\"widget\" data-widget_type=\"spacer.default\">\n\t\t\t\t<div class=\"elementor-widget-container\">\n\t\t\t\t\t\t\t<div class=\"elementor-spacer\">\n\t\t\t<div class=\"elementor-spacer-inner\"><\/div>\n\t\t<\/div>\n\t\t\t\t\t\t<\/div>\n\t\t\t\t<\/div>\n\t\t\t\t\t<\/div>\n\t\t<\/div>\n\t\t\t\t<div class=\"elementor-column elementor-col-33 elementor-top-column elementor-element elementor-element-1009cd0\" data-id=\"1009cd0\" data-element_type=\"column\">\n\t\t\t<div class=\"elementor-widget-wrap\">\n\t\t\t\t\t\t\t<\/div>\n\t\t<\/div>\n\t\t\t\t\t<\/div>\n\t\t<\/section>\n\t\t\t\t<section class=\"elementor-section elementor-top-section elementor-element elementor-element-2f872bd elementor-section-boxed elementor-section-height-default elementor-section-height-default\" data-id=\"2f872bd\" data-element_type=\"section\" data-settings=\"{&quot;background_background&quot;:&quot;classic&quot;}\">\n\t\t\t\t\t\t<div class=\"elementor-container elementor-column-gap-default\">\n\t\t\t\t\t<div class=\"elementor-column elementor-col-25 elementor-top-column elementor-element elementor-element-3ebc12b\" data-id=\"3ebc12b\" data-element_type=\"column\">\n\t\t\t<div class=\"elementor-widget-wrap\">\n\t\t\t\t\t\t\t<\/div>\n\t\t<\/div>\n\t\t\t\t<div class=\"elementor-column elementor-col-25 elementor-top-column elementor-element elementor-element-c64b15a\" data-id=\"c64b15a\" data-element_type=\"column\">\n\t\t\t<div class=\"elementor-widget-wrap elementor-element-populated\">\n\t\t\t\t\t\t<div class=\"elementor-element elementor-element-1695cdd elementor-widget elementor-widget-spacer\" data-id=\"1695cdd\" data-element_type=\"widget\" data-widget_type=\"spacer.default\">\n\t\t\t\t<div class=\"elementor-widget-container\">\n\t\t\t\t\t\t\t<div class=\"elementor-spacer\">\n\t\t\t<div class=\"elementor-spacer-inner\"><\/div>\n\t\t<\/div>\n\t\t\t\t\t\t<\/div>\n\t\t\t\t<\/div>\n\t\t\t\t<div class=\"elementor-element elementor-element-709b5d4 elementor-widget elementor-widget-image\" data-id=\"709b5d4\" data-element_type=\"widget\" data-widget_type=\"image.default\">\n\t\t\t\t<div class=\"elementor-widget-container\">\n\t\t\t\t\t\t\t\t\t\t\t\t\t\t\t<img fetchpriority=\"high\" decoding=\"async\" width=\"786\" height=\"346\" src=\"https:\/\/projetoreviver.pt\/wp-content\/uploads\/2023\/08\/logo-02.jpg\" class=\"attachment-large size-large wp-image-104\" alt=\"\" srcset=\"https:\/\/projetoreviver.pt\/wp-content\/uploads\/2023\/08\/logo-02.jpg 786w, https:\/\/projetoreviver.pt\/wp-content\/uploads\/2023\/08\/logo-02-300x132.jpg 300w, https:\/\/projetoreviver.pt\/wp-content\/uploads\/2023\/08\/logo-02-768x338.jpg 768w\" sizes=\"(max-width: 786px) 100vw, 786px\" \/>\t\t\t\t\t\t\t\t\t\t\t\t\t\t\t<\/div>\n\t\t\t\t<\/div>\n\t\t\t\t<div class=\"elementor-element elementor-element-7f44b23 elementor-widget elementor-widget-spacer\" data-id=\"7f44b23\" data-element_type=\"widget\" data-widget_type=\"spacer.default\">\n\t\t\t\t<div class=\"elementor-widget-container\">\n\t\t\t\t\t\t\t<div class=\"elementor-spacer\">\n\t\t\t<div class=\"elementor-spacer-inner\"><\/div>\n\t\t<\/div>\n\t\t\t\t\t\t<\/div>\n\t\t\t\t<\/div>\n\t\t\t\t\t<\/div>\n\t\t<\/div>\n\t\t\t\t<div class=\"elementor-column elementor-col-25 elementor-top-column elementor-element elementor-element-5c4662a\" data-id=\"5c4662a\" data-element_type=\"column\">\n\t\t\t<div class=\"elementor-widget-wrap elementor-element-populated\">\n\t\t\t\t\t\t<div class=\"elementor-element elementor-element-3a0d163 elementor-widget elementor-widget-spacer\" data-id=\"3a0d163\" data-element_type=\"widget\" data-widget_type=\"spacer.default\">\n\t\t\t\t<div class=\"elementor-widget-container\">\n\t\t\t\t\t\t\t<div class=\"elementor-spacer\">\n\t\t\t<div class=\"elementor-spacer-inner\"><\/div>\n\t\t<\/div>\n\t\t\t\t\t\t<\/div>\n\t\t\t\t<\/div>\n\t\t\t\t<div class=\"elementor-element elementor-element-918897e elementor-widget elementor-widget-image\" data-id=\"918897e\" data-element_type=\"widget\" data-widget_type=\"image.default\">\n\t\t\t\t<div class=\"elementor-widget-container\">\n\t\t\t\t\t\t\t\t\t\t\t\t\t\t\t<img decoding=\"async\" width=\"786\" height=\"346\" src=\"https:\/\/projetoreviver.pt\/wp-content\/uploads\/2023\/08\/logo-03.jpg\" class=\"attachment-large size-large wp-image-105\" alt=\"\" srcset=\"https:\/\/projetoreviver.pt\/wp-content\/uploads\/2023\/08\/logo-03.jpg 786w, https:\/\/projetoreviver.pt\/wp-content\/uploads\/2023\/08\/logo-03-300x132.jpg 300w, https:\/\/projetoreviver.pt\/wp-content\/uploads\/2023\/08\/logo-03-768x338.jpg 768w\" sizes=\"(max-width: 786px) 100vw, 786px\" \/>\t\t\t\t\t\t\t\t\t\t\t\t\t\t\t<\/div>\n\t\t\t\t<\/div>\n\t\t\t\t<div class=\"elementor-element elementor-element-1ad24f6 elementor-widget elementor-widget-spacer\" data-id=\"1ad24f6\" data-element_type=\"widget\" data-widget_type=\"spacer.default\">\n\t\t\t\t<div class=\"elementor-widget-container\">\n\t\t\t\t\t\t\t<div class=\"elementor-spacer\">\n\t\t\t<div class=\"elementor-spacer-inner\"><\/div>\n\t\t<\/div>\n\t\t\t\t\t\t<\/div>\n\t\t\t\t<\/div>\n\t\t\t\t\t<\/div>\n\t\t<\/div>\n\t\t\t\t<div class=\"elementor-column elementor-col-25 elementor-top-column elementor-element elementor-element-b051967\" data-id=\"b051967\" data-element_type=\"column\">\n\t\t\t<div class=\"elementor-widget-wrap\">\n\t\t\t\t\t\t\t<\/div>\n\t\t<\/div>\n\t\t\t\t\t<\/div>\n\t\t<\/section>\n\t\t\t\t<section class=\"elementor-section elementor-top-section elementor-element elementor-element-2110a09 elementor-section-boxed elementor-section-height-default elementor-section-height-default\" data-id=\"2110a09\" data-element_type=\"section\" data-settings=\"{&quot;background_background&quot;:&quot;classic&quot;}\">\n\t\t\t\t\t\t<div class=\"elementor-container elementor-column-gap-default\">\n\t\t\t\t\t<div class=\"elementor-column elementor-col-25 elementor-top-column elementor-element elementor-element-64959b3\" data-id=\"64959b3\" data-element_type=\"column\">\n\t\t\t<div class=\"elementor-widget-wrap\">\n\t\t\t\t\t\t\t<\/div>\n\t\t<\/div>\n\t\t\t\t<div class=\"elementor-column elementor-col-25 elementor-top-column elementor-element elementor-element-e279f34\" data-id=\"e279f34\" data-element_type=\"column\">\n\t\t\t<div class=\"elementor-widget-wrap elementor-element-populated\">\n\t\t\t\t\t\t<div class=\"elementor-element elementor-element-9886063 elementor-widget elementor-widget-image\" data-id=\"9886063\" data-element_type=\"widget\" data-widget_type=\"image.default\">\n\t\t\t\t<div class=\"elementor-widget-container\">\n\t\t\t\t\t\t\t\t\t\t\t\t\t\t\t<img decoding=\"async\" width=\"768\" height=\"196\" src=\"https:\/\/projetoreviver.pt\/wp-content\/uploads\/2023\/08\/PT_FundedbytheEU_RGB_POS-768x196.png\" class=\"attachment-medium_large size-medium_large wp-image-69\" alt=\"\" srcset=\"https:\/\/projetoreviver.pt\/wp-content\/uploads\/2023\/08\/PT_FundedbytheEU_RGB_POS-768x196.png 768w, https:\/\/projetoreviver.pt\/wp-content\/uploads\/2023\/08\/PT_FundedbytheEU_RGB_POS-300x77.png 300w, https:\/\/projetoreviver.pt\/wp-content\/uploads\/2023\/08\/PT_FundedbytheEU_RGB_POS-1024x261.png 1024w, https:\/\/projetoreviver.pt\/wp-content\/uploads\/2023\/08\/PT_FundedbytheEU_RGB_POS-1536x392.png 1536w, https:\/\/projetoreviver.pt\/wp-content\/uploads\/2023\/08\/PT_FundedbytheEU_RGB_POS-2048x523.png 2048w\" sizes=\"(max-width: 768px) 100vw, 768px\" \/>\t\t\t\t\t\t\t\t\t\t\t\t\t\t\t<\/div>\n\t\t\t\t<\/div>\n\t\t\t\t\t<\/div>\n\t\t<\/div>\n\t\t\t\t<div class=\"elementor-column elementor-col-25 elementor-top-column elementor-element elementor-element-cc7a456\" data-id=\"cc7a456\" data-element_type=\"column\">\n\t\t\t<div class=\"elementor-widget-wrap elementor-element-populated\">\n\t\t\t\t\t\t<div class=\"elementor-element elementor-element-32dfc6c elementor-widget__width-initial elementor-widget elementor-widget-text-editor\" data-id=\"32dfc6c\" data-element_type=\"widget\" data-widget_type=\"text-editor.default\">\n\t\t\t\t<div class=\"elementor-widget-container\">\n\t\t\t\t\t\t\t\t\t<p>Financiado pela Uni\u00e3o Europeia. Os pontos de vista e as opini\u00f5es expressas s\u00e3o as do(s) autor(es) e n\u00e3o refletem necessariamente a posi\u00e7\u00e3o da Uni\u00e3o Europeia ou do Fundo para o Asilo, a Migra\u00e7\u00e3o e a Integra\u00e7\u00e3o (AMIF). Nem a Uni\u00e3o Europeia nem o AMIF podem ser tidos como respons\u00e1veis por essas opini\u00f5es.<\/p>\t\t\t\t\t\t\t\t<\/div>\n\t\t\t\t<\/div>\n\t\t\t\t<div class=\"elementor-element elementor-element-46f2997 elementor-widget elementor-widget-spacer\" data-id=\"46f2997\" data-element_type=\"widget\" data-widget_type=\"spacer.default\">\n\t\t\t\t<div class=\"elementor-widget-container\">\n\t\t\t\t\t\t\t<div class=\"elementor-spacer\">\n\t\t\t<div class=\"elementor-spacer-inner\"><\/div>\n\t\t<\/div>\n\t\t\t\t\t\t<\/div>\n\t\t\t\t<\/div>\n\t\t\t\t\t<\/div>\n\t\t<\/div>\n\t\t\t\t<div class=\"elementor-column elementor-col-25 elementor-top-column elementor-element elementor-element-6da5123\" data-id=\"6da5123\" data-element_type=\"column\">\n\t\t\t<div class=\"elementor-widget-wrap\">\n\t\t\t\t\t\t\t<\/div>\n\t\t<\/div>\n\t\t\t\t\t<\/div>\n\t\t<\/section>\n\t\t\t\t<\/div>\n\t\t","protected":false},"excerpt":{"rendered":"<p>QUEM SOMOS\u00a0 |\u00a0 RESULTADOS\u00a0 |\u00a0 ATIVIDADES\u00a0 |\u00a0 CONTATOS Descri\u00e7\u00e3o Geral dos Resultados Os cuidados prim\u00e1rios passaram a ser considerados estrat\u00e9gia fundamental para a promo\u00e7\u00e3o das&hellip;<\/p>\n","protected":false},"author":1,"featured_media":0,"parent":0,"menu_order":0,"comment_status":"closed","ping_status":"closed","template":"elementor_canvas","meta":{"footnotes":""},"class_list":["post-122","page","type-page","status-publish","hentry"],"_links":{"self":[{"href":"https:\/\/projetoreviver.pt\/index.php?rest_route=\/wp\/v2\/pages\/122","targetHints":{"allow":["GET"]}}],"collection":[{"href":"https:\/\/projetoreviver.pt\/index.php?rest_route=\/wp\/v2\/pages"}],"about":[{"href":"https:\/\/projetoreviver.pt\/index.php?rest_route=\/wp\/v2\/types\/page"}],"author":[{"embeddable":true,"href":"https:\/\/projetoreviver.pt\/index.php?rest_route=\/wp\/v2\/users\/1"}],"replies":[{"embeddable":true,"href":"https:\/\/projetoreviver.pt\/index.php?rest_route=%2Fwp%2Fv2%2Fcomments&post=122"}],"version-history":[{"count":52,"href":"https:\/\/projetoreviver.pt\/index.php?rest_route=\/wp\/v2\/pages\/122\/revisions"}],"predecessor-version":[{"id":323,"href":"https:\/\/projetoreviver.pt\/index.php?rest_route=\/wp\/v2\/pages\/122\/revisions\/323"}],"wp:attachment":[{"href":"https:\/\/projetoreviver.pt\/index.php?rest_route=%2Fwp%2Fv2%2Fmedia&parent=122"}],"curies":[{"name":"wp","href":"https:\/\/api.w.org\/{rel}","templated":true}]}}